{"id":133,"date":"2015-10-01T01:25:29","date_gmt":"2015-09-30T23:25:29","guid":{"rendered":"https:\/\/www.horst-muerdter.com\/de\/?page_id=133"},"modified":"2020-01-14T16:44:57","modified_gmt":"2020-01-14T15:44:57","slug":"uber-mich","status":"publish","type":"page","link":"https:\/\/www.horst-muerdter.com\/de\/uber-mich\/","title":{"rendered":"\u00dcber mich"},"content":{"rendered":"<p>[et_pb_section fb_built=&#8220;1&#8243; fullwidth=&#8220;on&#8220; admin_label=&#8220;section&#8220; _builder_version=&#8220;3.22&#8243;][et_pb_fullwidth_header title=&#8220;\u00dcber mich&#8220; subhead=&#8220;Ich bin ein ambitionierter Software-Entwickler, der gro\u00dfen Wert auf benutzerfreundliche Programme und Webseiten legt!&#8220; background_overlay_color=&#8220;rgba(255,255,255,0.9)&#8220; content_max_width=&#8220;none&#8220; admin_label=&#8220;Vollbreite Kopfzeile&#8220; module_class=&#8220;hm_header&#8220; _builder_version=&#8220;3.16&#8243; background_color=&#8220;rgba(255, 255, 255, 0)&#8220; background_image=&#8220;https:\/\/www.horst-muerdter.com\/de\/wp-content\/uploads\/sites\/2\/2016\/06\/strand-roatan.jpg&#8220; background_layout=&#8220;light&#8220; background_url=&#8220;https:\/\/www.horst-muerdter.com\/de\/wp-content\/uploads\/sites\/2\/2016\/06\/strand-roatan.jpg&#8220; button_one_letter_spacing_hover=&#8220;0&#8243; button_two_letter_spacing_hover=&#8220;0&#8243; button_one_text_size__hover_enabled=&#8220;off&#8220; button_two_text_size__hover_enabled=&#8220;off&#8220; button_one_text_color__hover_enabled=&#8220;off&#8220; button_two_text_color__hover_enabled=&#8220;off&#8220; button_one_border_width__hover_enabled=&#8220;off&#8220; button_two_border_width__hover_enabled=&#8220;off&#8220; button_one_border_color__hover_enabled=&#8220;off&#8220; button_two_border_color__hover_enabled=&#8220;off&#8220; button_one_border_radius__hover_enabled=&#8220;off&#8220; button_two_border_radius__hover_enabled=&#8220;off&#8220; button_one_letter_spacing__hover_enabled=&#8220;on&#8220; button_one_letter_spacing__hover=&#8220;0&#8243; button_two_letter_spacing__hover_enabled=&#8220;on&#8220; button_two_letter_spacing__hover=&#8220;0&#8243; button_one_bg_color__hover_enabled=&#8220;off&#8220; button_two_bg_color__hover_enabled=&#8220;off&#8220;] [\/et_pb_fullwidth_header][\/et_pb_section][et_pb_section fb_built=&#8220;1&#8243; admin_label=&#8220;section&#8220; _builder_version=&#8220;3.22&#8243;][et_pb_row admin_label=&#8220;row&#8220; _builder_version=&#8220;3.25&#8243; background_size=&#8220;initial&#8220; background_position=&#8220;top_left&#8220; background_repeat=&#8220;repeat&#8220; column_structure=&#8220;1_4,1_4,1_2&#8243;][et_pb_column type=&#8220;1_4&#8243; _builder_version=&#8220;3.25&#8243; custom_padding=&#8220;|||&#8220; custom_padding__hover=&#8220;|||&#8220;][et_pb_image src=&#8220;https:\/\/www.horst-muerdter.com\/de\/wp-content\/uploads\/sites\/2\/2016\/06\/horst.jpg&#8220; alt=&#8220;Horst M\u00fcrdter&#8220; title_text=&#8220;Horst M\u00fcrdter&#8220; align_tablet=&#8220;center&#8220; align_last_edited=&#8220;on|desktop&#8220; admin_label=&#8220;Bild&#8220; _builder_version=&#8220;3.23&#8243; animation_style=&#8220;slide&#8220; animation_direction=&#8220;left&#8220; animation_duration=&#8220;500ms&#8220; animation_intensity_slide=&#8220;10%&#8220; animation=&#8220;left&#8220; sticky=&#8220;off&#8220; use_border_color=&#8220;off&#8220; border_color=&#8220;#ffffff&#8220; border_style=&#8220;solid&#8220; always_center_on_mobile=&#8220;on&#8220;] [\/et_pb_image][\/et_pb_column][et_pb_column type=&#8220;1_4&#8243; _builder_version=&#8220;3.25&#8243; custom_padding=&#8220;|||&#8220; custom_padding__hover=&#8220;|||&#8220;][et_pb_text admin_label=&#8220;Text&#8220; _builder_version=&#8220;3.27.4&#8243; background_size=&#8220;initial&#8220; background_position=&#8220;top_left&#8220; background_repeat=&#8220;repeat&#8220; use_border_color=&#8220;off&#8220; border_color=&#8220;#ffffff&#8220; border_style=&#8220;solid&#8220;]Name: Horst M\u00fcrdter<\/p>\n<p>Nationalit\u00e4t: Deutsch<\/p>\n<p>Adresse: Tegucigalpa, Honduras<\/p>\n<p>E-Mail: hm [at] horst [minus] muerdter [dot] com<br \/>\n[\/et_pb_text][\/et_pb_column][et_pb_column type=&#8220;1_2&#8243; _builder_version=&#8220;3.25&#8243; custom_padding=&#8220;|||&#8220; custom_padding__hover=&#8220;|||&#8220;][et_pb_text admin_label=&#8220;Text&#8220; _builder_version=&#8220;3.27.4&#8243; background_size=&#8220;initial&#8220; background_position=&#8220;top_left&#8220; background_repeat=&#8220;repeat&#8220; use_border_color=&#8220;off&#8220; border_color=&#8220;#ffffff&#8220; border_style=&#8220;solid&#8220;]<\/p>\n<h4>Profil:<\/h4>\n<p>Ich bin ein begeisterter Software-Entwickler mit \u00fcber 20 Jahren Erfahrung. Mein Schwerpunkt liegt auf der Planung, Erstellung und Wartung von benutzerfreundlicher Software, Webseiten und Web-Applikationen.<\/p>\n<p>Ich lege gro\u00dfen Wert darauf, vor jedem Projekt die Fakten, W\u00fcnsche und Probleme sowohl des Kunden als auch des Endanwenders zu analysieren und zu dokumentieren.<\/p>\n<p>Dies erm\u00f6glicht eine optimale L\u00f6sung f\u00fcr den Kunden zu erstellen. Eine offene und proaktive Kommunikation rundet meine Leistung ab.<\/p>\n<p>Meine Schwerpunkte liegen auf der Entwicklung von Web-Applikationen mit TYPO3, WordPress und Laravel, speziell mit hochvolumigen Zugriffen. Ich habe viel Erfahrung mit Baustoffherstellern gesammelt und kenne sehr gut Ihre Bed\u00fcrfnisse, insbesondere mit der Verarbeitung und Darstellung von Ausschreibungstexten.<\/p>\n<p>P\u00fcnktlichkeit, Ehrlichkeit und Verantwortungsbewusstsein sind f\u00fcr mich nicht nur Worte sondern Teil meiner Lebensauffassung.<br \/>\n[\/et_pb_text][\/et_pb_column][\/et_pb_row][\/et_pb_section][et_pb_section fb_built=&#8220;1&#8243; custom_padding_last_edited=&#8220;on|desktop&#8220; admin_label=&#8220;section&#8220; _builder_version=&#8220;3.22&#8243; background_color=&#8220;#cecece&#8220; custom_padding_tablet=&#8220;50px|0|50px|0&#8243; transparent_background=&#8220;off&#8220; padding_mobile=&#8220;off&#8220; make_fullwidth=&#8220;off&#8220; use_custom_width=&#8220;off&#8220; width_unit=&#8220;on&#8220;][et_pb_row admin_label=&#8220;row&#8220; _builder_version=&#8220;3.25&#8243; background_size=&#8220;initial&#8220; background_position=&#8220;top_left&#8220; background_repeat=&#8220;repeat&#8220;][et_pb_column type=&#8220;4_4&#8243; _builder_version=&#8220;3.25&#8243; custom_padding=&#8220;|||&#8220; custom_padding__hover=&#8220;|||&#8220;][et_pb_text admin_label=&#8220;Text&#8220; _builder_version=&#8220;3.27.4&#8243; background_size=&#8220;initial&#8220; background_position=&#8220;top_left&#8220; background_repeat=&#8220;repeat&#8220; use_border_color=&#8220;off&#8220; border_color=&#8220;#ffffff&#8220; border_style=&#8220;solid&#8220;]<\/p>\n<h2>F\u00e4higkeiten und Wissen<\/h2>\n<p>[\/et_pb_text][\/et_pb_column][\/et_pb_row][et_pb_row admin_label=&#8220;row&#8220; _builder_version=&#8220;3.25&#8243; background_size=&#8220;initial&#8220; background_position=&#8220;top_left&#8220; background_repeat=&#8220;repeat&#8220; column_structure=&#8220;1_3,1_3,1_3&#8243;][et_pb_column type=&#8220;1_3&#8243; _builder_version=&#8220;3.25&#8243; custom_padding=&#8220;|||&#8220; custom_padding__hover=&#8220;|||&#8220;][et_pb_text admin_label=&#8220;Text&#8220; _builder_version=&#8220;3.27.4&#8243; background_size=&#8220;initial&#8220; background_position=&#8220;top_left&#8220; background_repeat=&#8220;repeat&#8220; use_border_color=&#8220;off&#8220; border_color=&#8220;#ffffff&#8220; border_style=&#8220;solid&#8220;]<\/p>\n<h3>Web-Entwicklung<\/h3>\n<p>[\/et_pb_text][et_pb_counters admin_label=&#8220;Balkenz\u00e4hler&#8220; _builder_version=&#8220;3.0.87&#8243; custom_padding=&#8220;|||&#8220; custom_padding_tablet=&#8220;|||&#8220; custom_padding_phone=&#8220;|||&#8220; custom_padding_last_edited=&#8220;off|desktop&#8220; use_border_color=&#8220;off&#8220; border_color=&#8220;#ffffff&#8220; border_style=&#8220;solid&#8220;][et_pb_counter percent=&#8220;90&#8243; bar_background_color=&#8220;#8b0a28&#8243; _builder_version=&#8220;3.0.47&#8243; background_color_default=&#8220;#dddddd&#8220; background_enable_color_default=&#8220;on&#8220; parallax_default=&#8220;off&#8220; parallax_method_default=&#8220;on&#8220; bar_background_color_default=&#8220;#007766&#8243; use_percentages=&#8220;on&#8220; allow_player_pause_default=&#8220;off&#8220;] PHP [\/et_pb_counter][et_pb_counter percent=&#8220;90&#8243; bar_background_color=&#8220;#973a0b&#8220; _builder_version=&#8220;3.0.47&#8243; background_color_default=&#8220;#dddddd&#8220; background_enable_color_default=&#8220;on&#8220; parallax_default=&#8220;off&#8220; parallax_method_default=&#8220;on&#8220; bar_background_color_default=&#8220;#007766&#8243; use_percentages=&#8220;on&#8220; allow_player_pause_default=&#8220;off&#8220;] JavaScript [\/et_pb_counter][et_pb_counter percent=&#8220;90&#8243; bar_background_color=&#8220;#076546&#8243; _builder_version=&#8220;3.0.47&#8243; background_color_default=&#8220;#dddddd&#8220; background_enable_color_default=&#8220;on&#8220; parallax_default=&#8220;off&#8220; parallax_method_default=&#8220;on&#8220; bar_background_color_default=&#8220;#007766&#8243; use_percentages=&#8220;on&#8220; allow_player_pause_default=&#8220;off&#8220;] CSS [\/et_pb_counter][et_pb_counter percent=&#8220;80&#8243; bar_background_color=&#8220;#37840a&#8220; _builder_version=&#8220;3.0.47&#8243; background_color_default=&#8220;#dddddd&#8220; background_enable_color_default=&#8220;on&#8220; parallax_default=&#8220;off&#8220; parallax_method_default=&#8220;on&#8220; bar_background_color_default=&#8220;#007766&#8243; use_percentages=&#8220;on&#8220; allow_player_pause_default=&#8220;off&#8220;] MySQL [\/et_pb_counter][\/et_pb_counters][et_pb_text admin_label=&#8220;Text&#8220; _builder_version=&#8220;3.27.4&#8243; background_size=&#8220;initial&#8220; background_position=&#8220;top_left&#8220; background_repeat=&#8220;repeat&#8220; use_border_color=&#8220;off&#8220; border_color=&#8220;#ffffff&#8220; border_style=&#8220;solid&#8220;]&nbsp;<\/p>\n<p>Sprachkenntnisse<br \/>\n[\/et_pb_text][et_pb_counters admin_label=&#8220;Balkenz\u00e4hler&#8220; _builder_version=&#8220;3.0.87&#8243; custom_padding=&#8220;|||&#8220; custom_padding_tablet=&#8220;|||&#8220; custom_padding_phone=&#8220;|||&#8220; custom_padding_last_edited=&#8220;off|desktop&#8220; use_border_color=&#8220;off&#8220; border_color=&#8220;#ffffff&#8220; border_style=&#8220;solid&#8220;][et_pb_counter percent=&#8220;100&#8243; bar_background_color=&#8220;#8b0a28&#8243; _builder_version=&#8220;3.0.47&#8243; background_color_default=&#8220;#dddddd&#8220; background_enable_color_default=&#8220;on&#8220; parallax_default=&#8220;off&#8220; parallax_method_default=&#8220;on&#8220; bar_background_color_default=&#8220;#007766&#8243; use_percentages=&#8220;on&#8220; allow_player_pause_default=&#8220;off&#8220;] Deutsch (Muttersprache) [\/et_pb_counter][et_pb_counter percent=&#8220;90&#8243; bar_background_color=&#8220;#973a0b&#8220; _builder_version=&#8220;3.0.47&#8243; background_color_default=&#8220;#dddddd&#8220; background_enable_color_default=&#8220;on&#8220; parallax_default=&#8220;off&#8220; parallax_method_default=&#8220;on&#8220; bar_background_color_default=&#8220;#007766&#8243; use_percentages=&#8220;on&#8220; allow_player_pause_default=&#8220;off&#8220;] Spanisch [\/et_pb_counter][et_pb_counter percent=&#8220;80&#8243; bar_background_color=&#8220;#076546&#8243; _builder_version=&#8220;3.0.47&#8243; background_color_default=&#8220;#dddddd&#8220; background_enable_color_default=&#8220;on&#8220; parallax_default=&#8220;off&#8220; parallax_method_default=&#8220;on&#8220; bar_background_color_default=&#8220;#007766&#8243; use_percentages=&#8220;on&#8220; allow_player_pause_default=&#8220;off&#8220;] Englisch [\/et_pb_counter][\/et_pb_counters][\/et_pb_column][et_pb_column type=&#8220;1_3&#8243; _builder_version=&#8220;3.25&#8243; custom_padding=&#8220;|||&#8220; custom_padding__hover=&#8220;|||&#8220;][et_pb_text admin_label=&#8220;Text&#8220; _builder_version=&#8220;3.27.4&#8243; background_size=&#8220;initial&#8220; background_position=&#8220;top_left&#8220; background_repeat=&#8220;repeat&#8220; use_border_color=&#8220;off&#8220; border_color=&#8220;#ffffff&#8220; border_style=&#8220;solid&#8220;]<\/p>\n<h3>Programmiersprachen<\/h3>\n<ul>\n<li>PHP<\/li>\n<li>JavaScript<\/li>\n<li>Delphi<\/li>\n<li>C++<\/li>\n<li>C#<\/li>\n<li>Java<\/li>\n<\/ul>\n<h3 class=\"text-uppercase\">Frameworks<\/h3>\n<div class=\"span3\">\n<ul class=\"check\">\n<li>jQuery<\/li>\n<li>DHTMLX<\/li>\n<li>Prototype<\/li>\n<li>Bootstrap<\/li>\n<li>Laravel<\/li>\n<\/ul>\n<h3>Web-Techniken<\/h3>\n<ul>\n<li>Web Usability<\/li>\n<li>Responsive Design<\/li>\n<li>Grid &amp; Layout<\/li>\n<li>Typographie<\/li>\n<li>Suchmaschinen Optimierung (SEO<\/li>\n<li>Google Analytics und Adwords<\/li>\n<li>Installation\u00a0und Konfiguration von Webservern<\/li>\n<\/ul>\n<\/div>\n<p>[\/et_pb_text][\/et_pb_column][et_pb_column type=&#8220;1_3&#8243; _builder_version=&#8220;3.25&#8243; custom_padding=&#8220;|||&#8220; custom_padding__hover=&#8220;|||&#8220;][et_pb_text admin_label=&#8220;Text&#8220; _builder_version=&#8220;3.27.4&#8243; background_size=&#8220;initial&#8220; background_position=&#8220;top_left&#8220; background_repeat=&#8220;repeat&#8220; use_border_color=&#8220;off&#8220; border_color=&#8220;#ffffff&#8220; border_style=&#8220;solid&#8220;]<\/p>\n<h3>Content Managment Systeme<\/h3>\n<ul>\n<li>TYPO3 (Fluid\/Flow3)<\/li>\n<li>NEOS<\/li>\n<li>WordPress<\/li>\n<\/ul>\n<h3>Shop-Software<\/h3>\n<ul>\n<li>Magento<\/li>\n<li>PrestaShop<\/li>\n<li>xt-Commerce<\/li>\n<\/ul>\n<h3>Andere Kenntnisse<\/h3>\n<ul>\n<li>Server basierende Bild- und Dokumentationskonvertierung<\/li>\n<li>Server basierende PDF-Generation (PDFLib, TCPDF)<\/li>\n<li>Screencasts<\/li>\n<li>AutoCad, Inventor<\/li>\n<li>Geometric Description Language (GDL)<\/li>\n<li>E-Mail Marketing<\/li>\n<li>XML<\/li>\n<li>SOAP\/REST Services<\/li>\n<li>Smarty<\/li>\n<\/ul>\n<p>[\/et_pb_text][\/et_pb_column][\/et_pb_row][\/et_pb_section][et_pb_section fb_built=&#8220;1&#8243; custom_padding_last_edited=&#8220;on|desktop&#8220; admin_label=&#8220;Sektion&#8220; _builder_version=&#8220;3.22&#8243; background_color=&#8220;#ffffff&#8220; custom_padding_tablet=&#8220;50px|0|50px|0&#8243; transparent_background=&#8220;off&#8220; padding_mobile=&#8220;off&#8220; make_fullwidth=&#8220;off&#8220; use_custom_width=&#8220;off&#8220; width_unit=&#8220;on&#8220; global_module=&#8220;263&#8243;][et_pb_row padding_mobile=&#8220;off&#8220; column_padding_mobile=&#8220;on&#8220; admin_label=&#8220;row&#8220; _builder_version=&#8220;3.25&#8243; background_size=&#8220;initial&#8220; background_position=&#8220;top_left&#8220; background_repeat=&#8220;repeat&#8220; make_fullwidth=&#8220;off&#8220; use_custom_width=&#8220;off&#8220; width_unit=&#8220;on&#8220; column_structure=&#8220;1_3,2_3&#8243;][et_pb_column type=&#8220;1_3&#8243; _builder_version=&#8220;3.25&#8243; custom_padding=&#8220;|||&#8220; custom_padding__hover=&#8220;|||&#8220;][et_pb_text admin_label=&#8220;Text&#8220; _builder_version=&#8220;3.27.4&#8243; background_size=&#8220;initial&#8220; background_position=&#8220;top_left&#8220; background_repeat=&#8220;repeat&#8220; use_border_color=&#8220;off&#8220; border_color=&#8220;#ffffff&#8220; border_style=&#8220;solid&#8220;]<\/p>\n<p>Wollen Sie mit mir Kontakt aufnehmen?<br \/> F\u00fcllen Sie einfach das nebenstehende Formular aus und ich meld mich schnellstm\u00f6glichst!<\/p>\n<p>[\/et_pb_text][\/et_pb_column][et_pb_column type=&#8220;2_3&#8243; _builder_version=&#8220;3.25&#8243; custom_padding=&#8220;|||&#8220; custom_padding__hover=&#8220;|||&#8220;][et_pb_contact_form email=&#8220;hm@horst-muerdter.com&#8220; title=&#8220;Kontaktformular&#8220; admin_label=&#8220;Kontaktformular&#8220; _builder_version=&#8220;4.1&#8243; hover_enabled=&#8220;0&#8243; use_border_color=&#8220;off&#8220; border_color=&#8220;#ffffff&#8220; border_style=&#8220;solid&#8220; button_letter_spacing_hover=&#8220;0&#8243; use_spam_service=&#8220;on&#8220; recaptcha_list=&#8220;Horst (de)-0&#8243;][et_pb_contact_field field_id=&#8220;Name&#8220; field_title=&#8220;Name&#8220; _builder_version=&#8220;3.16&#8243; button_text_size__hover_enabled=&#8220;off&#8220; button_one_text_size__hover_enabled=&#8220;off&#8220; button_two_text_size__hover_enabled=&#8220;off&#8220; button_text_color__hover_enabled=&#8220;off&#8220; button_one_text_color__hover_enabled=&#8220;off&#8220; button_two_text_color__hover_enabled=&#8220;off&#8220; button_border_width__hover_enabled=&#8220;off&#8220; button_one_border_width__hover_enabled=&#8220;off&#8220; button_two_border_width__hover_enabled=&#8220;off&#8220; button_border_color__hover_enabled=&#8220;off&#8220; button_one_border_color__hover_enabled=&#8220;off&#8220; button_two_border_color__hover_enabled=&#8220;off&#8220; button_border_radius__hover_enabled=&#8220;off&#8220; button_one_border_radius__hover_enabled=&#8220;off&#8220; button_two_border_radius__hover_enabled=&#8220;off&#8220; button_letter_spacing__hover_enabled=&#8220;off&#8220; button_one_letter_spacing__hover_enabled=&#8220;off&#8220; button_two_letter_spacing__hover_enabled=&#8220;off&#8220; button_bg_color__hover_enabled=&#8220;off&#8220; button_one_bg_color__hover_enabled=&#8220;off&#8220; button_two_bg_color__hover_enabled=&#8220;off&#8220;][\/et_pb_contact_field][et_pb_contact_field field_id=&#8220;Email&#8220; field_title=&#8220;E-Mail-Adresse&#8220; field_type=&#8220;email&#8220; _builder_version=&#8220;3.16&#8243; button_text_size__hover_enabled=&#8220;off&#8220; button_one_text_size__hover_enabled=&#8220;off&#8220; button_two_text_size__hover_enabled=&#8220;off&#8220; button_text_color__hover_enabled=&#8220;off&#8220; button_one_text_color__hover_enabled=&#8220;off&#8220; button_two_text_color__hover_enabled=&#8220;off&#8220; button_border_width__hover_enabled=&#8220;off&#8220; button_one_border_width__hover_enabled=&#8220;off&#8220; button_two_border_width__hover_enabled=&#8220;off&#8220; button_border_color__hover_enabled=&#8220;off&#8220; button_one_border_color__hover_enabled=&#8220;off&#8220; button_two_border_color__hover_enabled=&#8220;off&#8220; button_border_radius__hover_enabled=&#8220;off&#8220; button_one_border_radius__hover_enabled=&#8220;off&#8220; button_two_border_radius__hover_enabled=&#8220;off&#8220; button_letter_spacing__hover_enabled=&#8220;off&#8220; button_one_letter_spacing__hover_enabled=&#8220;off&#8220; button_two_letter_spacing__hover_enabled=&#8220;off&#8220; button_bg_color__hover_enabled=&#8220;off&#8220; button_one_bg_color__hover_enabled=&#8220;off&#8220; button_two_bg_color__hover_enabled=&#8220;off&#8220;][\/et_pb_contact_field][et_pb_contact_field field_id=&#8220;Message&#8220; field_title=&#8220;Nachricht&#8220; field_type=&#8220;text&#8220; fullwidth_field=&#8220;on&#8220; _builder_version=&#8220;3.16&#8243; button_text_size__hover_enabled=&#8220;off&#8220; button_one_text_size__hover_enabled=&#8220;off&#8220; button_two_text_size__hover_enabled=&#8220;off&#8220; button_text_color__hover_enabled=&#8220;off&#8220; button_one_text_color__hover_enabled=&#8220;off&#8220; button_two_text_color__hover_enabled=&#8220;off&#8220; button_border_width__hover_enabled=&#8220;off&#8220; button_one_border_width__hover_enabled=&#8220;off&#8220; button_two_border_width__hover_enabled=&#8220;off&#8220; button_border_color__hover_enabled=&#8220;off&#8220; button_one_border_color__hover_enabled=&#8220;off&#8220; button_two_border_color__hover_enabled=&#8220;off&#8220; button_border_radius__hover_enabled=&#8220;off&#8220; button_one_border_radius__hover_enabled=&#8220;off&#8220; button_two_border_radius__hover_enabled=&#8220;off&#8220; button_letter_spacing__hover_enabled=&#8220;off&#8220; button_one_letter_spacing__hover_enabled=&#8220;off&#8220; button_two_letter_spacing__hover_enabled=&#8220;off&#8220; button_bg_color__hover_enabled=&#8220;off&#8220; button_one_bg_color__hover_enabled=&#8220;off&#8220; button_two_bg_color__hover_enabled=&#8220;off&#8220;][\/et_pb_contact_field][\/et_pb_contact_form][\/et_pb_column][\/et_pb_row][\/et_pb_section]<\/p>\n","protected":false},"excerpt":{"rendered":"<p>Name: Horst M\u00fcrdter Nationalit\u00e4t: Deutsch Adresse: Tegucigalpa, Honduras E-Mail: hm [at] horst [minus] muerdter [dot] com Profil: Ich bin ein begeisterter Software-Entwickler mit \u00fcber 20 Jahren Erfahrung. Mein Schwerpunkt liegt auf der Planung, Erstellung und Wartung von benutzerfreundlicher Software, Webseiten und Web-Applikationen. Ich lege gro\u00dfen Wert darauf, vor jedem Projekt die Fakten, W\u00fcnsche und Probleme [&hellip;]<\/p>\n","protected":false},"author":1,"featured_media":0,"parent":0,"menu_order":0,"comment_status":"closed","ping_status":"closed","template":"","meta":{"_et_pb_use_builder":"on","_et_pb_old_content":"","_et_gb_content_width":"","om_disable_all_campaigns":false,"_monsterinsights_skip_tracking":false,"_monsterinsights_sitenote_active":false,"_monsterinsights_sitenote_note":"","_monsterinsights_sitenote_category":0,"footnotes":""},"class_list":["post-133","page","type-page","status-publish","hentry"],"aioseo_notices":[],"_links":{"self":[{"href":"https:\/\/www.horst-muerdter.com\/de\/wp-json\/wp\/v2\/pages\/133","targetHints":{"allow":["GET"]}}],"collection":[{"href":"https:\/\/www.horst-muerdter.com\/de\/wp-json\/wp\/v2\/pages"}],"about":[{"href":"https:\/\/www.horst-muerdter.com\/de\/wp-json\/wp\/v2\/types\/page"}],"author":[{"embeddable":true,"href":"https:\/\/www.horst-muerdter.com\/de\/wp-json\/wp\/v2\/users\/1"}],"replies":[{"embeddable":true,"href":"https:\/\/www.horst-muerdter.com\/de\/wp-json\/wp\/v2\/comments?post=133"}],"version-history":[{"count":7,"href":"https:\/\/www.horst-muerdter.com\/de\/wp-json\/wp\/v2\/pages\/133\/revisions"}],"predecessor-version":[{"id":512,"href":"https:\/\/www.horst-muerdter.com\/de\/wp-json\/wp\/v2\/pages\/133\/revisions\/512"}],"wp:attachment":[{"href":"https:\/\/www.horst-muerdter.com\/de\/wp-json\/wp\/v2\/media?parent=133"}],"curies":[{"name":"wp","href":"https:\/\/api.w.org\/{rel}","templated":true}]}}