{"id":133,"date":"2015-10-01T01:25:29","date_gmt":"2015-09-30T23:25:29","guid":{"rendered":"https:\/\/www.horst-muerdter.com\/es\/?page_id=133"},"modified":"2020-01-14T17:17:17","modified_gmt":"2020-01-14T16:17:17","slug":"acerca","status":"publish","type":"page","link":"https:\/\/www.horst-muerdter.com\/es\/acerca\/","title":{"rendered":"Acerca de m\u00ed"},"content":{"rendered":"<p>[et_pb_section fb_built=\u00bb1&#8243; fullwidth=\u00bbon\u00bb admin_label=\u00bbsection\u00bb _builder_version=\u00bb3.22&#8243;][et_pb_fullwidth_header title=\u00bbAcerca de m\u00ed\u00bb subhead=\u00bb Soy un ambicioso programador y creador de p\u00e1ginas web y sus aplicaciones.\u00bb background_overlay_color=\u00bbrgba(255,255,255,0.9)\u00bb content_max_width=\u00bbnone\u00bb admin_label=\u00bbVollbreite Kopfzeile\u00bb module_class=\u00bbhm_header\u00bb _builder_version=\u00bb3.16&#8243; background_color=\u00bbrgba(255, 255, 255, 0)\u00bb background_image=\u00bbhttps:\/\/www.horst-muerdter.com\/es\/wp-content\/uploads\/sites\/4\/2016\/06\/strand-roatan.jpg\u00bb background_layout=\u00bblight\u00bb button_one_letter_spacing_hover=\u00bb0&#8243; button_two_letter_spacing_hover=\u00bb0&#8243; background_url=\u00bbhttps:\/\/www.horst-muerdter.com\/es\/wp-content\/uploads\/sites\/4\/2016\/06\/strand-roatan.jpg\u00bb button_one_text_size__hover_enabled=\u00bboff\u00bb button_two_text_size__hover_enabled=\u00bboff\u00bb button_one_text_color__hover_enabled=\u00bboff\u00bb button_two_text_color__hover_enabled=\u00bboff\u00bb button_one_border_width__hover_enabled=\u00bboff\u00bb button_two_border_width__hover_enabled=\u00bboff\u00bb button_one_border_color__hover_enabled=\u00bboff\u00bb button_two_border_color__hover_enabled=\u00bboff\u00bb button_one_border_radius__hover_enabled=\u00bboff\u00bb button_two_border_radius__hover_enabled=\u00bboff\u00bb button_one_letter_spacing__hover_enabled=\u00bbon\u00bb button_one_letter_spacing__hover=\u00bb0&#8243; button_two_letter_spacing__hover_enabled=\u00bbon\u00bb button_two_letter_spacing__hover=\u00bb0&#8243; button_one_bg_color__hover_enabled=\u00bboff\u00bb button_two_bg_color__hover_enabled=\u00bboff\u00bb] [\/et_pb_fullwidth_header][\/et_pb_section][et_pb_section fb_built=\u00bb1&#8243; admin_label=\u00bbsection\u00bb _builder_version=\u00bb3.22&#8243;][et_pb_row admin_label=\u00bbrow\u00bb _builder_version=\u00bb3.25&#8243; background_size=\u00bbinitial\u00bb background_position=\u00bbtop_left\u00bb background_repeat=\u00bbrepeat\u00bb column_structure=\u00bb1_4,1_4,1_2&#8243;][et_pb_column type=\u00bb1_4&#8243; _builder_version=\u00bb3.25&#8243; custom_padding=\u00bb|||\u00bb custom_padding__hover=\u00bb|||\u00bb][et_pb_image src=\u00bbhttps:\/\/www.horst-muerdter.com\/es\/wp-content\/uploads\/sites\/4\/2016\/06\/horst.jpg\u00bb alt=\u00bbHorst M\u00fcrdter\u00bb title_text=\u00bbHorst M\u00fcrdter\u00bb align_tablet=\u00bbcenter\u00bb align_last_edited=\u00bbon|desktop\u00bb admin_label=\u00bbBild\u00bb _builder_version=\u00bb3.23&#8243; animation_style=\u00bbslide\u00bb animation_direction=\u00bbleft\u00bb animation_duration=\u00bb500ms\u00bb animation_intensity_slide=\u00bb10%\u00bb use_border_color=\u00bboff\u00bb border_color=\u00bb#ffffff\u00bb border_style=\u00bbsolid\u00bb animation=\u00bbleft\u00bb sticky=\u00bboff\u00bb always_center_on_mobile=\u00bbon\u00bb] [\/et_pb_image][\/et_pb_column][et_pb_column type=\u00bb1_4&#8243; _builder_version=\u00bb3.25&#8243; custom_padding=\u00bb|||\u00bb custom_padding__hover=\u00bb|||\u00bb][et_pb_text admin_label=\u00bbText\u00bb _builder_version=\u00bb3.27.4&#8243; background_size=\u00bbinitial\u00bb background_position=\u00bbtop_left\u00bb background_repeat=\u00bbrepeat\u00bb use_border_color=\u00bboff\u00bb border_color=\u00bb#ffffff\u00bb border_style=\u00bbsolid\u00bb]Nombre: Horst M\u00fcrdter<\/p>\n<p>Nacionalidad: Alemana<\/p>\n<p>Lugar: Tegucigalpa, Honduras<\/p>\n<p>Email: hm [at] horst [minus] muerdter [dot] com<br \/>\n[\/et_pb_text][\/et_pb_column][et_pb_column type=\u00bb1_2&#8243; _builder_version=\u00bb3.25&#8243; custom_padding=\u00bb|||\u00bb custom_padding__hover=\u00bb|||\u00bb][et_pb_text admin_label=\u00bbText\u00bb _builder_version=\u00bb3.27.4&#8243; background_size=\u00bbinitial\u00bb background_position=\u00bbtop_left\u00bb background_repeat=\u00bbrepeat\u00bb use_border_color=\u00bboff\u00bb border_color=\u00bb#ffffff\u00bb border_style=\u00bbsolid\u00bb]<\/p>\n<h3>Perfil Profesional<\/h3>\n<div class=\"et_pb_fullwidth_header_container left\">\n<div class=\"header-content-container center\">\n<div class=\"header-content\">\n<p>Soy Programador con m\u00e1s de 20 a\u00f1os de experiencia en la planificaci\u00f3n, desarrollo y mantenimiento de Programas y Aplicaciones Web.<\/p>\n<p>Mi meta principal en cada proyecto es de conocer y encontrar las necesidades y expectativas de mi cliente y tambi\u00e9n del usuario final. Despu\u00e9s de este an\u00e1lisis planifico como realizar este proyecto con un dise\u00f1o de manejo f\u00e1cil para los usuarios.<br \/>\nMi especialidad son aplicaciones con alto volumen de usuarios y datos con una presentaci\u00f3n de resultados sencilla, clara y siempre moderna.<\/p>\n<p>Mi especialidad es la programaci\u00f3n en PHP, JavaScript y Laravel, adem\u00e1s soy expoerto con los CMS TYPO3 y WordPress.<\/p>\n<p>Trabajo mucho con fabricantes de materiales y productos de construcci\u00f3n cuyo necesidad consiste en presentar informaciones y caracter\u00edsticas del producto seg\u00fan las necesidades del tipo del usuario. Tengo mucha experiencia en aplicaciones para las licitaciones del rubro de la construcci\u00f3n.<\/p>\n<p>Responsabilidad, Honestidad y Puntualidad son para mi valores esenciales para cualquier proyecto.<\/p>\n<\/div>\n<\/div>\n<\/div>\n<p>[\/et_pb_text][\/et_pb_column][\/et_pb_row][\/et_pb_section][et_pb_section fb_built=\u00bb1&#8243; custom_padding_last_edited=\u00bbon|desktop\u00bb admin_label=\u00bbsection\u00bb _builder_version=\u00bb3.22&#8243; background_color=\u00bb#cecece\u00bb custom_padding_tablet=\u00bb50px|0|50px|0&#8243; transparent_background=\u00bboff\u00bb padding_mobile=\u00bboff\u00bb make_fullwidth=\u00bboff\u00bb use_custom_width=\u00bboff\u00bb width_unit=\u00bbon\u00bb][et_pb_row admin_label=\u00bbrow\u00bb _builder_version=\u00bb3.25&#8243; background_size=\u00bbinitial\u00bb background_position=\u00bbtop_left\u00bb background_repeat=\u00bbrepeat\u00bb][et_pb_column type=\u00bb4_4&#8243; _builder_version=\u00bb3.25&#8243; custom_padding=\u00bb|||\u00bb custom_padding__hover=\u00bb|||\u00bb][et_pb_text admin_label=\u00bbText\u00bb _builder_version=\u00bb3.27.4&#8243; background_size=\u00bbinitial\u00bb background_position=\u00bbtop_left\u00bb background_repeat=\u00bbrepeat\u00bb use_border_color=\u00bboff\u00bb border_color=\u00bb#ffffff\u00bb border_style=\u00bbsolid\u00bb]<\/p>\n<h2>Habilidades y conocimientos<\/h2>\n<p>[\/et_pb_text][\/et_pb_column][\/et_pb_row][et_pb_row admin_label=\u00bbrow\u00bb _builder_version=\u00bb3.25&#8243; background_size=\u00bbinitial\u00bb background_position=\u00bbtop_left\u00bb background_repeat=\u00bbrepeat\u00bb column_structure=\u00bb1_3,1_3,1_3&#8243;][et_pb_column type=\u00bb1_3&#8243; _builder_version=\u00bb3.25&#8243; custom_padding=\u00bb|||\u00bb custom_padding__hover=\u00bb|||\u00bb][et_pb_text admin_label=\u00bbText\u00bb _builder_version=\u00bb3.27.4&#8243; background_size=\u00bbinitial\u00bb background_position=\u00bbtop_left\u00bb background_repeat=\u00bbrepeat\u00bb use_border_color=\u00bboff\u00bb border_color=\u00bb#ffffff\u00bb border_style=\u00bbsolid\u00bb]<\/p>\n<h4>Desarrollo Web<\/h4>\n<p>[\/et_pb_text][et_pb_counters admin_label=\u00bbBalkenz\u00e4hler\u00bb _builder_version=\u00bb3.0.87&#8243; custom_padding=\u00bb|||\u00bb custom_padding_tablet=\u00bb|||\u00bb custom_padding_phone=\u00bb|||\u00bb custom_padding_last_edited=\u00bboff|desktop\u00bb use_border_color=\u00bboff\u00bb border_color=\u00bb#ffffff\u00bb border_style=\u00bbsolid\u00bb][et_pb_counter percent=\u00bb90&#8243; bar_background_color=\u00bb#8b0a28&#8243; _builder_version=\u00bb3.0.47&#8243; background_color_default=\u00bb#dddddd\u00bb background_enable_color_default=\u00bbon\u00bb parallax_default=\u00bboff\u00bb parallax_method_default=\u00bbon\u00bb bar_background_color_default=\u00bb#007766&#8243; use_percentages=\u00bbon\u00bb allow_player_pause_default=\u00bboff\u00bb] PHP [\/et_pb_counter][et_pb_counter percent=\u00bb90&#8243; bar_background_color=\u00bb#973a0b\u00bb _builder_version=\u00bb3.0.47&#8243; background_color_default=\u00bb#dddddd\u00bb background_enable_color_default=\u00bbon\u00bb parallax_default=\u00bboff\u00bb parallax_method_default=\u00bbon\u00bb bar_background_color_default=\u00bb#007766&#8243; use_percentages=\u00bbon\u00bb allow_player_pause_default=\u00bboff\u00bb] JavaScript [\/et_pb_counter][et_pb_counter percent=\u00bb90&#8243; bar_background_color=\u00bb#076546&#8243; _builder_version=\u00bb3.0.47&#8243; background_color_default=\u00bb#dddddd\u00bb background_enable_color_default=\u00bbon\u00bb parallax_default=\u00bboff\u00bb parallax_method_default=\u00bbon\u00bb bar_background_color_default=\u00bb#007766&#8243; use_percentages=\u00bbon\u00bb allow_player_pause_default=\u00bboff\u00bb] CSS [\/et_pb_counter][et_pb_counter percent=\u00bb80&#8243; bar_background_color=\u00bb#37840a\u00bb _builder_version=\u00bb3.0.47&#8243; background_color_default=\u00bb#dddddd\u00bb background_enable_color_default=\u00bbon\u00bb parallax_default=\u00bboff\u00bb parallax_method_default=\u00bbon\u00bb bar_background_color_default=\u00bb#007766&#8243; use_percentages=\u00bbon\u00bb allow_player_pause_default=\u00bboff\u00bb] MySQL [\/et_pb_counter][\/et_pb_counters][et_pb_text admin_label=\u00bbText\u00bb _builder_version=\u00bb3.27.4&#8243; background_size=\u00bbinitial\u00bb background_position=\u00bbtop_left\u00bb background_repeat=\u00bbrepeat\u00bb use_border_color=\u00bboff\u00bb border_color=\u00bb#ffffff\u00bb border_style=\u00bbsolid\u00bb]&nbsp;<\/p>\n<h3>Lenguajes<\/h3>\n<p>[\/et_pb_text][et_pb_counters admin_label=\u00bbBalkenz\u00e4hler\u00bb _builder_version=\u00bb3.0.87&#8243; custom_padding=\u00bb|||\u00bb custom_padding_tablet=\u00bb|||\u00bb custom_padding_phone=\u00bb|||\u00bb custom_padding_last_edited=\u00bboff|desktop\u00bb use_border_color=\u00bboff\u00bb border_color=\u00bb#ffffff\u00bb border_style=\u00bbsolid\u00bb][et_pb_counter percent=\u00bb100&#8243; bar_background_color=\u00bb#8b0a28&#8243; _builder_version=\u00bb3.0.47&#8243; background_color_default=\u00bb#dddddd\u00bb background_enable_color_default=\u00bbon\u00bb parallax_default=\u00bboff\u00bb parallax_method_default=\u00bbon\u00bb bar_background_color_default=\u00bb#007766&#8243; use_percentages=\u00bbon\u00bb allow_player_pause_default=\u00bboff\u00bb] Alem\u00e1n (idioma materno) [\/et_pb_counter][et_pb_counter percent=\u00bb90&#8243; bar_background_color=\u00bb#973a0b\u00bb _builder_version=\u00bb3.0.47&#8243; background_color_default=\u00bb#dddddd\u00bb background_enable_color_default=\u00bbon\u00bb parallax_default=\u00bboff\u00bb parallax_method_default=\u00bbon\u00bb bar_background_color_default=\u00bb#007766&#8243; use_percentages=\u00bbon\u00bb allow_player_pause_default=\u00bboff\u00bb] Espa\u00f1ol [\/et_pb_counter][et_pb_counter percent=\u00bb80&#8243; bar_background_color=\u00bb#076546&#8243; _builder_version=\u00bb3.0.47&#8243; background_color_default=\u00bb#dddddd\u00bb background_enable_color_default=\u00bbon\u00bb parallax_default=\u00bboff\u00bb parallax_method_default=\u00bbon\u00bb bar_background_color_default=\u00bb#007766&#8243; use_percentages=\u00bbon\u00bb allow_player_pause_default=\u00bboff\u00bb] Ingl\u00e9s [\/et_pb_counter][\/et_pb_counters][\/et_pb_column][et_pb_column type=\u00bb1_3&#8243; _builder_version=\u00bb3.25&#8243; custom_padding=\u00bb|||\u00bb custom_padding__hover=\u00bb|||\u00bb][et_pb_text admin_label=\u00bbText\u00bb _builder_version=\u00bb3.27.4&#8243; background_size=\u00bbinitial\u00bb background_position=\u00bbtop_left\u00bb background_repeat=\u00bbrepeat\u00bb use_border_color=\u00bboff\u00bb border_color=\u00bb#ffffff\u00bb border_style=\u00bbsolid\u00bb]<\/p>\n<h3>Lenguajes de programaci\u00f3n<\/h3>\n<ul>\n<li>PHP<\/li>\n<li>JavaScript<\/li>\n<li>Delphi<\/li>\n<li>C++<\/li>\n<li>C#<\/li>\n<li>Java<\/li>\n<\/ul>\n<h3 class=\"text-uppercase\">Frameworks<\/h3>\n<div class=\"span3\">\n<ul class=\"check\">\n<li>jQuery<\/li>\n<li>DHTMLX<\/li>\n<li>Prototype<\/li>\n<li>Bootstrap<\/li>\n<li>Laravel<\/li>\n<\/ul>\n<h3>Tecnicas Web<\/h3>\n<ul>\n<li>Web Usability<\/li>\n<li>Dise\u00f1o de respuesta (Responsive Design, Mobil Design)<\/li>\n<li>Tipograf\u00eda<\/li>\n<li>Optimaci\u00f3n para motores de b\u00fasqueda (SEO)<\/li>\n<li>Google Analytics y\u00a0Adwords<\/li>\n<li>Instalaci\u00f3n y Mantenimiento de Servidores Web (Linux, Windows Server)<\/li>\n<\/ul>\n<\/div>\n<p>[\/et_pb_text][\/et_pb_column][et_pb_column type=\u00bb1_3&#8243; _builder_version=\u00bb3.25&#8243; custom_padding=\u00bb|||\u00bb custom_padding__hover=\u00bb|||\u00bb][et_pb_text admin_label=\u00bbText\u00bb _builder_version=\u00bb3.27.4&#8243; background_size=\u00bbinitial\u00bb background_position=\u00bbtop_left\u00bb background_repeat=\u00bbrepeat\u00bb use_border_color=\u00bboff\u00bb border_color=\u00bb#ffffff\u00bb border_style=\u00bbsolid\u00bb]<\/p>\n<h3>Sistemas de Gesti\u00f3n de Contenidos<\/h3>\n<ul>\n<li>TYPO3 (Fluid\/Flow3)<\/li>\n<li>NEOS<\/li>\n<li>WordPress<\/li>\n<\/ul>\n<h3>Software de tiendas virtuales<\/h3>\n<ul>\n<li>Magento<\/li>\n<li>PrestaShop<\/li>\n<li>xt-Commerce<\/li>\n<\/ul>\n<h3>Otros conocimientos<\/h3>\n<ul>\n<li>Manipulaci\u00f3n autom\u00e1tica basada en servidores<\/li>\n<li>Creaci\u00f3n autom\u00e1tica de documentos PDF (PDFLib, TCPDF)<\/li>\n<li>Screencasts<\/li>\n<li>AutoCad, Inventor<\/li>\n<li>Geometric Description Language (GDL)<\/li>\n<li>Mercadeo por Correo y Newsletters<\/li>\n<li>XML<\/li>\n<li>SOAP\/REST Services<\/li>\n<li>Smarty<\/li>\n<\/ul>\n<p>[\/et_pb_text][\/et_pb_column][\/et_pb_row][\/et_pb_section][et_pb_section fb_built=\u00bb1&#8243; admin_label=\u00bbsection\u00bb _builder_version=\u00bb3.22&#8243;][et_pb_row admin_label=\u00bbrow\u00bb _builder_version=\u00bb3.25&#8243; background_size=\u00bbinitial\u00bb background_position=\u00bbtop_left\u00bb background_repeat=\u00bbrepeat\u00bb column_structure=\u00bb1_3,2_3&#8243;][et_pb_column type=\u00bb1_3&#8243; _builder_version=\u00bb3.25&#8243; custom_padding=\u00bb|||\u00bb custom_padding__hover=\u00bb|||\u00bb][et_pb_text admin_label=\u00bbText\u00bb _builder_version=\u00bb3.27.4&#8243; background_size=\u00bbinitial\u00bb background_position=\u00bbtop_left\u00bb background_repeat=\u00bbrepeat\u00bb use_border_color=\u00bboff\u00bb border_color=\u00bb#ffffff\u00bb border_style=\u00bbsolid\u00bb]Wanna go in touch with me? Please don\u2019t hesitate and send me a message. I will respond as soon as possible!<br \/>\n[\/et_pb_text][\/et_pb_column][et_pb_column type=\u00bb2_3&#8243; _builder_version=\u00bb3.25&#8243; custom_padding=\u00bb|||\u00bb custom_padding__hover=\u00bb|||\u00bb][et_pb_contact_form email=\u00bbhm@horst-muerdter.com\u00bb title=\u00bbSend a message\u00bb admin_label=\u00bbKontaktformular\u00bb _builder_version=\u00bb4.1&#8243; hover_enabled=\u00bb0&#8243; use_border_color=\u00bboff\u00bb border_color=\u00bb#ffffff\u00bb border_style=\u00bbsolid\u00bb button_letter_spacing_hover=\u00bb0&#8243; use_spam_service=\u00bbon\u00bb recaptcha_list=\u00bbHorst (esp)|Horst (esp)-0&#8243;][et_pb_contact_field field_id=\u00bbName\u00bb field_title=\u00bbNombre\u00bb _builder_version=\u00bb3.16&#8243; button_text_size__hover_enabled=\u00bboff\u00bb button_one_text_size__hover_enabled=\u00bboff\u00bb button_two_text_size__hover_enabled=\u00bboff\u00bb button_text_color__hover_enabled=\u00bboff\u00bb button_one_text_color__hover_enabled=\u00bboff\u00bb button_two_text_color__hover_enabled=\u00bboff\u00bb button_border_width__hover_enabled=\u00bboff\u00bb button_one_border_width__hover_enabled=\u00bboff\u00bb button_two_border_width__hover_enabled=\u00bboff\u00bb button_border_color__hover_enabled=\u00bboff\u00bb button_one_border_color__hover_enabled=\u00bboff\u00bb button_two_border_color__hover_enabled=\u00bboff\u00bb button_border_radius__hover_enabled=\u00bboff\u00bb button_one_border_radius__hover_enabled=\u00bboff\u00bb button_two_border_radius__hover_enabled=\u00bboff\u00bb button_letter_spacing__hover_enabled=\u00bboff\u00bb button_one_letter_spacing__hover_enabled=\u00bboff\u00bb button_two_letter_spacing__hover_enabled=\u00bboff\u00bb button_bg_color__hover_enabled=\u00bboff\u00bb button_one_bg_color__hover_enabled=\u00bboff\u00bb button_two_bg_color__hover_enabled=\u00bboff\u00bb][\/et_pb_contact_field][et_pb_contact_field field_id=\u00bbEmail\u00bb field_title=\u00bbDirecci\u00f3n de correo electr\u00f3nico\u00bb field_type=\u00bbemail\u00bb _builder_version=\u00bb3.16&#8243; button_text_size__hover_enabled=\u00bboff\u00bb button_one_text_size__hover_enabled=\u00bboff\u00bb button_two_text_size__hover_enabled=\u00bboff\u00bb button_text_color__hover_enabled=\u00bboff\u00bb button_one_text_color__hover_enabled=\u00bboff\u00bb button_two_text_color__hover_enabled=\u00bboff\u00bb button_border_width__hover_enabled=\u00bboff\u00bb button_one_border_width__hover_enabled=\u00bboff\u00bb button_two_border_width__hover_enabled=\u00bboff\u00bb button_border_color__hover_enabled=\u00bboff\u00bb button_one_border_color__hover_enabled=\u00bboff\u00bb button_two_border_color__hover_enabled=\u00bboff\u00bb button_border_radius__hover_enabled=\u00bboff\u00bb button_one_border_radius__hover_enabled=\u00bboff\u00bb button_two_border_radius__hover_enabled=\u00bboff\u00bb button_letter_spacing__hover_enabled=\u00bboff\u00bb button_one_letter_spacing__hover_enabled=\u00bboff\u00bb button_two_letter_spacing__hover_enabled=\u00bboff\u00bb button_bg_color__hover_enabled=\u00bboff\u00bb button_one_bg_color__hover_enabled=\u00bboff\u00bb button_two_bg_color__hover_enabled=\u00bboff\u00bb][\/et_pb_contact_field][et_pb_contact_field field_id=\u00bbMessage\u00bb field_title=\u00bbMensaje\u00bb field_type=\u00bbtext\u00bb fullwidth_field=\u00bbon\u00bb _builder_version=\u00bb3.16&#8243; button_text_size__hover_enabled=\u00bboff\u00bb button_one_text_size__hover_enabled=\u00bboff\u00bb button_two_text_size__hover_enabled=\u00bboff\u00bb button_text_color__hover_enabled=\u00bboff\u00bb button_one_text_color__hover_enabled=\u00bboff\u00bb button_two_text_color__hover_enabled=\u00bboff\u00bb button_border_width__hover_enabled=\u00bboff\u00bb button_one_border_width__hover_enabled=\u00bboff\u00bb button_two_border_width__hover_enabled=\u00bboff\u00bb button_border_color__hover_enabled=\u00bboff\u00bb button_one_border_color__hover_enabled=\u00bboff\u00bb button_two_border_color__hover_enabled=\u00bboff\u00bb button_border_radius__hover_enabled=\u00bboff\u00bb button_one_border_radius__hover_enabled=\u00bboff\u00bb button_two_border_radius__hover_enabled=\u00bboff\u00bb button_letter_spacing__hover_enabled=\u00bboff\u00bb button_one_letter_spacing__hover_enabled=\u00bboff\u00bb button_two_letter_spacing__hover_enabled=\u00bboff\u00bb button_bg_color__hover_enabled=\u00bboff\u00bb button_one_bg_color__hover_enabled=\u00bboff\u00bb button_two_bg_color__hover_enabled=\u00bboff\u00bb][\/et_pb_contact_field][\/et_pb_contact_form][\/et_pb_column][\/et_pb_row][\/et_pb_section]<\/p>\n","protected":false},"excerpt":{"rendered":"<p>Nombre: Horst M\u00fcrdter Nacionalidad: Alemana Lugar: Tegucigalpa, Honduras Email: hm [at] horst [minus] muerdter [dot] com Perfil Profesional Soy Programador con m\u00e1s de 20 a\u00f1os de experiencia en la planificaci\u00f3n, desarrollo y mantenimiento de Programas y Aplicaciones Web. Mi meta principal en cada proyecto es de conocer y encontrar las necesidades y expectativas de mi [&hellip;]<\/p>\n","protected":false},"author":1,"featured_media":0,"parent":0,"menu_order":0,"comment_status":"closed","ping_status":"closed","template":"","meta":{"_et_pb_use_builder":"on","_et_pb_old_content":"","_et_gb_content_width":"","om_disable_all_campaigns":false,"_monsterinsights_skip_tracking":false,"_monsterinsights_sitenote_active":false,"_monsterinsights_sitenote_note":"","_monsterinsights_sitenote_category":0,"footnotes":""},"class_list":["post-133","page","type-page","status-publish","hentry"],"aioseo_notices":[],"_links":{"self":[{"href":"https:\/\/www.horst-muerdter.com\/es\/wp-json\/wp\/v2\/pages\/133","targetHints":{"allow":["GET"]}}],"collection":[{"href":"https:\/\/www.horst-muerdter.com\/es\/wp-json\/wp\/v2\/pages"}],"about":[{"href":"https:\/\/www.horst-muerdter.com\/es\/wp-json\/wp\/v2\/types\/page"}],"author":[{"embeddable":true,"href":"https:\/\/www.horst-muerdter.com\/es\/wp-json\/wp\/v2\/users\/1"}],"replies":[{"embeddable":true,"href":"https:\/\/www.horst-muerdter.com\/es\/wp-json\/wp\/v2\/comments?post=133"}],"version-history":[{"count":8,"href":"https:\/\/www.horst-muerdter.com\/es\/wp-json\/wp\/v2\/pages\/133\/revisions"}],"predecessor-version":[{"id":303,"href":"https:\/\/www.horst-muerdter.com\/es\/wp-json\/wp\/v2\/pages\/133\/revisions\/303"}],"wp:attachment":[{"href":"https:\/\/www.horst-muerdter.com\/es\/wp-json\/wp\/v2\/media?parent=133"}],"curies":[{"name":"wp","href":"https:\/\/api.w.org\/{rel}","templated":true}]}}