{"id":2,"date":"2015-07-23T03:46:55","date_gmt":"2015-07-23T01:46:55","guid":{"rendered":"https:\/\/www.horst-muerdter.com\/es\/?page_id=2"},"modified":"2020-01-14T16:50:34","modified_gmt":"2020-01-14T15:50:34","slug":"startseite","status":"publish","type":"page","link":"https:\/\/www.horst-muerdter.com\/es\/","title":{"rendered":"Inicio"},"content":{"rendered":"<p>[et_pb_section fb_built=\u00bb1&#8243; fullwidth=\u00bbon\u00bb admin_label=\u00bbSektion\u00bb _builder_version=\u00bb3.22&#8243;][et_pb_fullwidth_header title=\u00bbHorst M\u00fcrdter\u00bb subhead=\u00bbProgramaci\u00f3n :: Aplicaciones y Dise\u00f1o Web\u00bb header_scroll_down=\u00bbon\u00bb background_overlay_color=\u00bbrgba(255,255,255,0.9)\u00bb logo_image_url=\u00bbhttps:\/\/www.horst-muerdter.com\/wp-content\/uploads\/2015\/07\/horst.jpg\u00bb logo_alt_text=\u00bbHorst M\u00fcrdter\u00bb logo_title=\u00bbProgramaci\u00f3n :: Aplicaciones y dise\u00f1o web\u00bb content_max_width=\u00bbnone\u00bb admin_label=\u00bbVollbreite Kopfzeile\u00bb module_class=\u00bbhm_start_header\u00bb _builder_version=\u00bb3.16&#8243; background_color=\u00bbrgba(255, 255, 255, 0)\u00bb background_image=\u00bbhttps:\/\/www.horst-muerdter.com\/wp-content\/uploads\/2015\/07\/strand-roatan.jpg\u00bb parallax=\u00bbon\u00bb background_layout=\u00bblight\u00bb background_url=\u00bbhttps:\/\/www.horst-muerdter.com\/wp-content\/uploads\/2015\/07\/strand-roatan.jpg\u00bb button_one_letter_spacing_hover=\u00bb0&#8243; button_two_letter_spacing_hover=\u00bb0&#8243; saved_tabs=\u00bball\u00bb button_one_text_size__hover_enabled=\u00bboff\u00bb button_two_text_size__hover_enabled=\u00bboff\u00bb button_one_text_color__hover_enabled=\u00bboff\u00bb button_two_text_color__hover_enabled=\u00bboff\u00bb button_one_border_width__hover_enabled=\u00bboff\u00bb button_two_border_width__hover_enabled=\u00bboff\u00bb button_one_border_color__hover_enabled=\u00bboff\u00bb button_two_border_color__hover_enabled=\u00bboff\u00bb button_one_border_radius__hover_enabled=\u00bboff\u00bb button_two_border_radius__hover_enabled=\u00bboff\u00bb button_one_letter_spacing__hover_enabled=\u00bbon\u00bb button_one_letter_spacing__hover=\u00bb0&#8243; button_two_letter_spacing__hover_enabled=\u00bbon\u00bb button_two_letter_spacing__hover=\u00bb0&#8243; button_one_bg_color__hover_enabled=\u00bboff\u00bb button_two_bg_color__hover_enabled=\u00bboff\u00bb]Soy Programador con m\u00e1s de 20 a\u00f1os de experiencia en la planificaci\u00f3n, desarrollo y mantenimiento de Programas y Aplicaciones Web.<\/p>\n<p>Mi meta principal en cada proyecto es de conocer y encontrar las necesidades y expectativas de mi cliente y tambi\u00e9n del usuario final. Despu\u00e9s de este an\u00e1lisis planifico como realizar este proyecto con un dise\u00f1o de manejo f\u00e1cil para los usuarios.<br \/>\nMi especialidad son aplicaciones con alto volumen de usuarios y datos con una presentaci\u00f3n de resultados sencilla, clara y siempre moderna.<\/p>\n<p>Trabajo mucho con fabricantes de materiales y productos de construcci\u00f3n cuyo necesidad consiste en presentar informaciones y caracter\u00edsticas del producto seg\u00fan las necesidades del tipo del usuario. Tengo mucha experiencia en aplicaciones para las licitaciones del rubro de la construcci\u00f3n.<\/p>\n<p>Responsabilidad, Honestidad y Puntualidad son para mi valores esenciales para cualquier proyecto.<br \/>\n[\/et_pb_fullwidth_header][\/et_pb_section][et_pb_section fb_built=\u00bb1&#8243; admin_label=\u00bbSektion\u00bb _builder_version=\u00bb3.22&#8243;][et_pb_row padding_mobile=\u00bboff\u00bb column_padding_mobile=\u00bbon\u00bb admin_label=\u00bbrow\u00bb _builder_version=\u00bb3.25&#8243; background_size=\u00bbinitial\u00bb background_position=\u00bbtop_left\u00bb background_repeat=\u00bbrepeat\u00bb make_fullwidth=\u00bboff\u00bb use_custom_width=\u00bboff\u00bb width_unit=\u00bbon\u00bb column_structure=\u00bb1_3,2_3&#8243;][et_pb_column type=\u00bb1_3&#8243; _builder_version=\u00bb3.25&#8243; custom_padding=\u00bb|||\u00bb custom_padding__hover=\u00bb|||\u00bb][et_pb_text admin_label=\u00bbText\u00bb _builder_version=\u00bb3.27.4&#8243; background_size=\u00bbinitial\u00bb background_position=\u00bbtop_left\u00bb background_repeat=\u00bbrepeat\u00bb use_border_color=\u00bboff\u00bb border_color=\u00bb#ffffff\u00bb border_style=\u00bbsolid\u00bb]\u00bfQuiere contactarme?<br \/>\nRellene por favor el formulario \u2013 le voy a contestar tan pronto como me sea posible.<br \/>\n[\/et_pb_text][\/et_pb_column][et_pb_column type=\u00bb2_3&#8243; _builder_version=\u00bb3.25&#8243; custom_padding=\u00bb|||\u00bb custom_padding__hover=\u00bb|||\u00bb][et_pb_contact_form email=\u00bbhm@horst-muerdter.com\u00bb title=\u00bbFormulario de contacto\u00bb success_message=\u00bbMuchas gracias por su mensaje. Le contestar\u00e9 lo mas pronto posible!\u00bb admin_label=\u00bbKontaktformular\u00bb _builder_version=\u00bb4.1&#8243; hover_enabled=\u00bb0&#8243; border_radii=\u00bbon|0px|0px|0px|0px\u00bb use_border_color=\u00bboff\u00bb border_color=\u00bb#ffffff\u00bb border_style=\u00bbsolid\u00bb input_border_radius=\u00bb0&#8243; button_letter_spacing_hover=\u00bb0&#8243; use_spam_service=\u00bbon\u00bb recaptcha_list=\u00bbadd_new_account\u00bb recaptcha_secret_key=\u00bb6LfCTs8UAAAAALBRX9Rkuvd0S2EIXuzoq1xB72_V\u00bb recaptcha_site_key=\u00bb6LfCTs8UAAAAADyLEuB-IjlxXmxK5jx5X_i22CzL\u00bb recaptcha_account_name=\u00bbHorst (es)\u00bb][et_pb_contact_field field_id=\u00bbName\u00bb field_title=\u00bbNombre\u00bb _builder_version=\u00bb3.16&#8243; button_text_size__hover_enabled=\u00bboff\u00bb button_one_text_size__hover_enabled=\u00bboff\u00bb button_two_text_size__hover_enabled=\u00bboff\u00bb button_text_color__hover_enabled=\u00bboff\u00bb button_one_text_color__hover_enabled=\u00bboff\u00bb button_two_text_color__hover_enabled=\u00bboff\u00bb button_border_width__hover_enabled=\u00bboff\u00bb button_one_border_width__hover_enabled=\u00bboff\u00bb button_two_border_width__hover_enabled=\u00bboff\u00bb button_border_color__hover_enabled=\u00bboff\u00bb button_one_border_color__hover_enabled=\u00bboff\u00bb button_two_border_color__hover_enabled=\u00bboff\u00bb button_border_radius__hover_enabled=\u00bboff\u00bb button_one_border_radius__hover_enabled=\u00bboff\u00bb button_two_border_radius__hover_enabled=\u00bboff\u00bb button_letter_spacing__hover_enabled=\u00bboff\u00bb button_one_letter_spacing__hover_enabled=\u00bboff\u00bb button_two_letter_spacing__hover_enabled=\u00bboff\u00bb button_bg_color__hover_enabled=\u00bboff\u00bb button_one_bg_color__hover_enabled=\u00bboff\u00bb button_two_bg_color__hover_enabled=\u00bboff\u00bb][\/et_pb_contact_field][et_pb_contact_field field_id=\u00bbEmail\u00bb field_title=\u00bbDirecci\u00f3n de correo electr\u00f3nico\u00bb field_type=\u00bbemail\u00bb _builder_version=\u00bb3.16&#8243; button_text_size__hover_enabled=\u00bboff\u00bb button_one_text_size__hover_enabled=\u00bboff\u00bb button_two_text_size__hover_enabled=\u00bboff\u00bb button_text_color__hover_enabled=\u00bboff\u00bb button_one_text_color__hover_enabled=\u00bboff\u00bb button_two_text_color__hover_enabled=\u00bboff\u00bb button_border_width__hover_enabled=\u00bboff\u00bb button_one_border_width__hover_enabled=\u00bboff\u00bb button_two_border_width__hover_enabled=\u00bboff\u00bb button_border_color__hover_enabled=\u00bboff\u00bb button_one_border_color__hover_enabled=\u00bboff\u00bb button_two_border_color__hover_enabled=\u00bboff\u00bb button_border_radius__hover_enabled=\u00bboff\u00bb button_one_border_radius__hover_enabled=\u00bboff\u00bb button_two_border_radius__hover_enabled=\u00bboff\u00bb button_letter_spacing__hover_enabled=\u00bboff\u00bb button_one_letter_spacing__hover_enabled=\u00bboff\u00bb button_two_letter_spacing__hover_enabled=\u00bboff\u00bb button_bg_color__hover_enabled=\u00bboff\u00bb button_one_bg_color__hover_enabled=\u00bboff\u00bb button_two_bg_color__hover_enabled=\u00bboff\u00bb][\/et_pb_contact_field][et_pb_contact_field field_id=\u00bbMessage\u00bb field_title=\u00bbMensaje\u00bb field_type=\u00bbtext\u00bb _builder_version=\u00bb3.16&#8243; button_text_size__hover_enabled=\u00bboff\u00bb button_one_text_size__hover_enabled=\u00bboff\u00bb button_two_text_size__hover_enabled=\u00bboff\u00bb button_text_color__hover_enabled=\u00bboff\u00bb button_one_text_color__hover_enabled=\u00bboff\u00bb button_two_text_color__hover_enabled=\u00bboff\u00bb button_border_width__hover_enabled=\u00bboff\u00bb button_one_border_width__hover_enabled=\u00bboff\u00bb button_two_border_width__hover_enabled=\u00bboff\u00bb button_border_color__hover_enabled=\u00bboff\u00bb button_one_border_color__hover_enabled=\u00bboff\u00bb button_two_border_color__hover_enabled=\u00bboff\u00bb button_border_radius__hover_enabled=\u00bboff\u00bb button_one_border_radius__hover_enabled=\u00bboff\u00bb button_two_border_radius__hover_enabled=\u00bboff\u00bb button_letter_spacing__hover_enabled=\u00bboff\u00bb button_one_letter_spacing__hover_enabled=\u00bboff\u00bb button_two_letter_spacing__hover_enabled=\u00bboff\u00bb button_bg_color__hover_enabled=\u00bboff\u00bb button_one_bg_color__hover_enabled=\u00bboff\u00bb button_two_bg_color__hover_enabled=\u00bboff\u00bb][\/et_pb_contact_field][\/et_pb_contact_form][\/et_pb_column][\/et_pb_row][\/et_pb_section]<\/p>\n","protected":false},"excerpt":{"rendered":"<p>Soy Programador con m\u00e1s de 20 a\u00f1os de experiencia en la planificaci\u00f3n, desarrollo y mantenimiento de Programas y Aplicaciones Web. Mi meta principal en cada proyecto es de conocer y encontrar las necesidades y expectativas de mi cliente y tambi\u00e9n del usuario final. Despu\u00e9s de este an\u00e1lisis planifico como realizar este proyecto con un dise\u00f1o [&hellip;]<\/p>\n","protected":false},"author":1,"featured_media":0,"parent":0,"menu_order":0,"comment_status":"open","ping_status":"open","template":"","meta":{"_et_pb_use_builder":"on","_et_pb_old_content":"<p>Die deutsche Seite ist derzeit im Umbau. Bitte besuchen Sie solange meine <a href=\"https:\/\/www.horst-muerdter.com\">englische Seite<\/a>!<\/p><p>\u00a0<\/p>","_et_gb_content_width":"","om_disable_all_campaigns":false,"_monsterinsights_skip_tracking":false,"_monsterinsights_sitenote_active":false,"_monsterinsights_sitenote_note":"","_monsterinsights_sitenote_category":0,"footnotes":""},"class_list":["post-2","page","type-page","status-publish","hentry"],"aioseo_notices":[],"_links":{"self":[{"href":"https:\/\/www.horst-muerdter.com\/es\/wp-json\/wp\/v2\/pages\/2","targetHints":{"allow":["GET"]}}],"collection":[{"href":"https:\/\/www.horst-muerdter.com\/es\/wp-json\/wp\/v2\/pages"}],"about":[{"href":"https:\/\/www.horst-muerdter.com\/es\/wp-json\/wp\/v2\/types\/page"}],"author":[{"embeddable":true,"href":"https:\/\/www.horst-muerdter.com\/es\/wp-json\/wp\/v2\/users\/1"}],"replies":[{"embeddable":true,"href":"https:\/\/www.horst-muerdter.com\/es\/wp-json\/wp\/v2\/comments?post=2"}],"version-history":[{"count":11,"href":"https:\/\/www.horst-muerdter.com\/es\/wp-json\/wp\/v2\/pages\/2\/revisions"}],"predecessor-version":[{"id":298,"href":"https:\/\/www.horst-muerdter.com\/es\/wp-json\/wp\/v2\/pages\/2\/revisions\/298"}],"wp:attachment":[{"href":"https:\/\/www.horst-muerdter.com\/es\/wp-json\/wp\/v2\/media?parent=2"}],"curies":[{"name":"wp","href":"https:\/\/api.w.org\/{rel}","templated":true}]}}